{"id":91,"date":"2025-02-19T08:56:36","date_gmt":"2025-02-19T07:56:36","guid":{"rendered":"https:\/\/blog.armurerie-france.fr\/blog\/wordpress\/?page_id=91"},"modified":"2026-01-28T14:42:35","modified_gmt":"2026-01-28T13:42:35","slug":"politique-de-confidentialite","status":"publish","type":"page","link":"https:\/\/blog.armurerie-france.fr\/blog\/wordpress\/en\/politique-de-confidentialite\/","title":{"rendered":"Privacy Policy"},"content":{"rendered":"<section class=\"privacy-policy\">\n<h1>Privacy Policy<\/h1>\n<section>\n<h2>Qui sommes-nous\u00a0?<\/h2>\n<p>Les informations concernant l\u2019\u00e9diteur du site sont disponibles sur la page d\u00e9di\u00e9e : <a href=\"\/blog\/wordpress\/en\/qui-sommes-nous\/\" rel=\"noopener\">Qui sommes-nous<\/a>.<\/p>\n<\/section>\n<section>\n<h2>Comments<\/h2>\n<p>Quand vous laissez un commentaire sur notre site, les donn\u00e9es inscrites dans le formulaire de commentaire, ainsi que votre adresse IP et l\u2019agent utilisateur de votre navigateur, sont collect\u00e9s pour nous aider \u00e0 la d\u00e9tection des commentaires ind\u00e9sirables.<\/p>\n<p>Une cha\u00eene anonymis\u00e9e cr\u00e9\u00e9e \u00e0 partir de votre adresse e-mail (\u00e9galement appel\u00e9e <em>hash<\/em>) peut \u00eatre envoy\u00e9e au service Gravatar afin de v\u00e9rifier si vous utilisez ce dernier. Les clauses de confidentialit\u00e9 du service Gravatar sont disponibles ici : <a href=\"https:\/\/automattic.com\/privacy\/\" target=\"_blank\" rel=\"noopener noreferrer\"> https:\/\/automattic.com\/privacy\/ <\/a>.<\/p>\n<p>Apr\u00e8s validation de votre commentaire, votre photo de profil sera visible publiquement \u00e0 c\u00f4t\u00e9 de votre commentaire.<\/p>\n<\/section>\n<section>\n<h2>Media<\/h2>\n<p>If you upload images to the website, we recommend that you avoid uploading images with embedded GPS location data (EXIF). Visitors to the site can download and extract location data from these images.<\/p>\n<\/section>\n<section>\n<h2>Cookies<\/h2>\n<p>Si vous d\u00e9posez un commentaire sur notre site, il vous sera propos\u00e9 d\u2019enregistrer votre nom, adresse e-mail et site web dans des cookies. C\u2019est uniquement pour votre confort afin de ne pas avoir \u00e0 saisir ces informations lors d\u2019un prochain commentaire. Ces cookies expirent au bout d\u2019un an.<\/p>\n<p>If you visit the login page, a temporary cookie will be set to determine if your browser accepts cookies. It contains no personal data and is discarded when you close your browser.<\/p>\n<p>Lorsque vous vous connectez, plusieurs cookies sont mis en place afin d\u2019enregistrer vos informations de connexion et vos pr\u00e9f\u00e9rences d\u2019\u00e9cran. La dur\u00e9e de vie d\u2019un cookie de connexion est de deux jours, celle d\u2019un cookie d\u2019option d\u2019\u00e9cran est d\u2019un an. Si vous cochez \u00ab Se souvenir de moi \u00bb, votre cookie de connexion sera conserv\u00e9 pendant deux semaines. En cas de d\u00e9connexion, ce cookie est supprim\u00e9.<\/p>\n<p>En modifiant ou en publiant une publication, un cookie suppl\u00e9mentaire est enregistr\u00e9 dans votre navigateur. Ce cookie ne comprend aucune donn\u00e9e personnelle et indique uniquement l\u2019identifiant de la publication modifi\u00e9e. Il expire au bout d\u2019un jour.<\/p>\n<\/section>\n<section>\n<h2>Embedded Content from Other Websites<\/h2>\n<p>Les articles de ce site peuvent inclure des contenus int\u00e9gr\u00e9s (par exemple des vid\u00e9os, images ou articles). Le contenu int\u00e9gr\u00e9 depuis d\u2019autres sites se comporte de la m\u00eame mani\u00e8re que si le visiteur se rendait directement sur ces sites.<\/p>\n<p>Ces sites web pourraient collecter des donn\u00e9es sur vous, utiliser des cookies, embarquer des outils de suivi tiers et suivre vos interactions avec ces contenus embarqu\u00e9s si vous disposez d\u2019un compte connect\u00e9 sur leur site.<\/p>\n<\/section>\n<section>\n<h2>Use and Transmission of Your Personal Data<\/h2>\n<p>If you request a password reset, your IP address will be included in the reset email.<\/p>\n<\/section>\n<section>\n<h2>How Long We Retain Your Data<\/h2>\n<p>Si vous laissez un commentaire, le commentaire et ses m\u00e9tadonn\u00e9es sont conserv\u00e9s ind\u00e9finiment. Cela permet de reconna\u00eetre et d\u2019approuver automatiquement les commentaires suivants au lieu de les laisser dans la file de mod\u00e9ration.<\/p>\n<p>Pour les comptes qui s\u2019inscrivent sur notre site (le cas \u00e9ch\u00e9ant), nous stockons \u00e9galement les donn\u00e9es personnelles indiqu\u00e9es dans leur profil. Tous les comptes peuvent voir, modifier ou supprimer leurs informations personnelles \u00e0 tout moment, \u00e0 l\u2019exception de leur identifiant. Les gestionnaires du site peuvent \u00e9galement voir et modifier ces informations.<\/p>\n<\/section>\n<section>\n<h2>What Rights You Have Over Your Data<\/h2>\n<p>Si vous avez un compte ou si vous avez laiss\u00e9 des commentaires sur le site, vous pouvez demander \u00e0 recevoir un fichier contenant toutes les donn\u00e9es personnelles que nous poss\u00e9dons \u00e0 votre sujet, incluant celles que vous nous avez fournies.<\/p>\n<p>Vous pouvez \u00e9galement demander la suppression de vos donn\u00e9es personnelles. Cela ne prend pas en compte les donn\u00e9es stock\u00e9es \u00e0 des fins administratives, l\u00e9gales ou pour des raisons de s\u00e9curit\u00e9.<\/p>\n<\/section>\n<section>\n<h2>Where Your Data is Sent<\/h2>\n<p>Visitor comments may be checked through an automated spam detection service.<\/p>\n<\/section>\n<\/section>","protected":false},"excerpt":{"rendered":"<p>Politique de confidentialit\u00e9 Qui sommes-nous\u00a0? Les informations concernant l\u2019\u00e9diteur du site sont disponibles sur la [&hellip;]<\/p>\n","protected":false},"author":2,"featured_media":0,"parent":0,"menu_order":0,"comment_status":"closed","ping_status":"closed","template":"","meta":{"_acf_changed":false,"_monsterinsights_skip_tracking":false,"_monsterinsights_sitenote_active":false,"_monsterinsights_sitenote_note":"","_monsterinsights_sitenote_category":0,"footnotes":""},"class_list":["post-91","page","type-page","status-publish","hentry"],"acf":[],"yoast_head":"<!-- This site is optimized with the Yoast SEO plugin v27.2 - https:\/\/yoast.com\/product\/yoast-seo-wordpress\/ -->\n<title>Politique de confidentialit\u00e9 -<\/title>\n<meta name=\"robots\" content=\"index, follow, max-snippet:-1, max-image-preview:large, max-video-preview:-1\" \/>\n<link rel=\"canonical\" href=\"https:\/\/blog.armurerie-france.fr\/blog\/wordpress\/en\/politique-de-confidentialite\/\" \/>\n<meta property=\"og:locale\" content=\"en_US\" \/>\n<meta property=\"og:type\" content=\"article\" \/>\n<meta property=\"og:title\" content=\"Politique de confidentialit\u00e9 -\" \/>\n<meta property=\"og:description\" content=\"Politique de confidentialit\u00e9 Qui sommes-nous\u00a0? Les informations concernant l\u2019\u00e9diteur du site sont disponibles sur la [&hellip;]\" \/>\n<meta property=\"og:url\" content=\"https:\/\/blog.armurerie-france.fr\/blog\/wordpress\/en\/politique-de-confidentialite\/\" \/>\n<meta property=\"article:modified_time\" content=\"2026-01-28T13:42:35+00:00\" \/>\n<meta name=\"twitter:card\" content=\"summary_large_image\" \/>\n<meta name=\"twitter:label1\" content=\"Est. reading time\" \/>\n\t<meta name=\"twitter:data1\" content=\"4 minutes\" \/>\n<script type=\"application\/ld+json\" class=\"yoast-schema-graph\">{\"@context\":\"https:\/\/schema.org\",\"@graph\":[{\"@type\":\"WebPage\",\"@id\":\"https:\/\/blog.armurerie-france.fr\/blog\/wordpress\/politique-de-confidentialite\/\",\"url\":\"https:\/\/blog.armurerie-france.fr\/blog\/wordpress\/politique-de-confidentialite\/\",\"name\":\"Politique de confidentialit\u00e9 -\",\"isPartOf\":{\"@id\":\"https:\/\/blog.armurerie-france.fr\/blog\/wordpress\/#website\"},\"datePublished\":\"2025-02-19T07:56:36+00:00\",\"dateModified\":\"2026-01-28T13:42:35+00:00\",\"breadcrumb\":{\"@id\":\"https:\/\/blog.armurerie-france.fr\/blog\/wordpress\/politique-de-confidentialite\/#breadcrumb\"},\"inLanguage\":\"en-US\",\"potentialAction\":[{\"@type\":\"ReadAction\",\"target\":[\"https:\/\/blog.armurerie-france.fr\/blog\/wordpress\/politique-de-confidentialite\/\"]}]},{\"@type\":\"BreadcrumbList\",\"@id\":\"https:\/\/blog.armurerie-france.fr\/blog\/wordpress\/politique-de-confidentialite\/#breadcrumb\",\"itemListElement\":[{\"@type\":\"ListItem\",\"position\":1,\"name\":\"Accueil\",\"item\":\"https:\/\/blog.armurerie-france.fr\/blog\/wordpress\/\"},{\"@type\":\"ListItem\",\"position\":2,\"name\":\"Politique de confidentialit\u00e9\"}]},{\"@type\":\"WebSite\",\"@id\":\"https:\/\/blog.armurerie-france.fr\/blog\/wordpress\/#website\",\"url\":\"https:\/\/blog.armurerie-france.fr\/blog\/wordpress\/\",\"name\":\"Blog Armurerie France\",\"description\":\"\",\"publisher\":{\"@id\":\"https:\/\/blog.armurerie-france.fr\/blog\/wordpress\/#organization\"},\"potentialAction\":[{\"@type\":\"SearchAction\",\"target\":{\"@type\":\"EntryPoint\",\"urlTemplate\":\"https:\/\/blog.armurerie-france.fr\/blog\/wordpress\/?s={search_term_string}\"},\"query-input\":{\"@type\":\"PropertyValueSpecification\",\"valueRequired\":true,\"valueName\":\"search_term_string\"}}],\"inLanguage\":\"en-US\"},{\"@type\":\"Organization\",\"@id\":\"https:\/\/blog.armurerie-france.fr\/blog\/wordpress\/#organization\",\"name\":\"Blog Armurerie France\",\"url\":\"https:\/\/blog.armurerie-france.fr\/blog\/wordpress\/\",\"logo\":{\"@type\":\"ImageObject\",\"inLanguage\":\"en-US\",\"@id\":\"https:\/\/blog.armurerie-france.fr\/blog\/wordpress\/#\/schema\/logo\/image\/\",\"url\":\"https:\/\/blog.armurerie-france.fr\/blog\/wordpress\/wp-content\/uploads\/2025\/02\/telechargement.png\",\"contentUrl\":\"https:\/\/blog.armurerie-france.fr\/blog\/wordpress\/wp-content\/uploads\/2025\/02\/telechargement.png\",\"width\":28,\"height\":28,\"caption\":\"Blog Armurerie France\"},\"image\":{\"@id\":\"https:\/\/blog.armurerie-france.fr\/blog\/wordpress\/#\/schema\/logo\/image\/\"},\"sameAs\":[\"https:\/\/simac.fr\/\",\"https:\/\/europarm.fr\/\"]}]}<\/script>\n<!-- \/ Yoast SEO plugin. -->","yoast_head_json":{"title":"Politique de confidentialit\u00e9 -","robots":{"index":"index","follow":"follow","max-snippet":"max-snippet:-1","max-image-preview":"max-image-preview:large","max-video-preview":"max-video-preview:-1"},"canonical":"https:\/\/blog.armurerie-france.fr\/blog\/wordpress\/en\/politique-de-confidentialite\/","og_locale":"en_US","og_type":"article","og_title":"Politique de confidentialit\u00e9 -","og_description":"Politique de confidentialit\u00e9 Qui sommes-nous\u00a0? Les informations concernant l\u2019\u00e9diteur du site sont disponibles sur la [&hellip;]","og_url":"https:\/\/blog.armurerie-france.fr\/blog\/wordpress\/en\/politique-de-confidentialite\/","article_modified_time":"2026-01-28T13:42:35+00:00","twitter_card":"summary_large_image","twitter_misc":{"Est. reading time":"4 minutes"},"schema":{"@context":"https:\/\/schema.org","@graph":[{"@type":"WebPage","@id":"https:\/\/blog.armurerie-france.fr\/blog\/wordpress\/politique-de-confidentialite\/","url":"https:\/\/blog.armurerie-france.fr\/blog\/wordpress\/politique-de-confidentialite\/","name":"Politique de confidentialit\u00e9 -","isPartOf":{"@id":"https:\/\/blog.armurerie-france.fr\/blog\/wordpress\/#website"},"datePublished":"2025-02-19T07:56:36+00:00","dateModified":"2026-01-28T13:42:35+00:00","breadcrumb":{"@id":"https:\/\/blog.armurerie-france.fr\/blog\/wordpress\/politique-de-confidentialite\/#breadcrumb"},"inLanguage":"en-US","potentialAction":[{"@type":"ReadAction","target":["https:\/\/blog.armurerie-france.fr\/blog\/wordpress\/politique-de-confidentialite\/"]}]},{"@type":"BreadcrumbList","@id":"https:\/\/blog.armurerie-france.fr\/blog\/wordpress\/politique-de-confidentialite\/#breadcrumb","itemListElement":[{"@type":"ListItem","position":1,"name":"Accueil","item":"https:\/\/blog.armurerie-france.fr\/blog\/wordpress\/"},{"@type":"ListItem","position":2,"name":"Politique de confidentialit\u00e9"}]},{"@type":"WebSite","@id":"https:\/\/blog.armurerie-france.fr\/blog\/wordpress\/#website","url":"https:\/\/blog.armurerie-france.fr\/blog\/wordpress\/","name":"Blog Armurerie France","description":"","publisher":{"@id":"https:\/\/blog.armurerie-france.fr\/blog\/wordpress\/#organization"},"potentialAction":[{"@type":"SearchAction","target":{"@type":"EntryPoint","urlTemplate":"https:\/\/blog.armurerie-france.fr\/blog\/wordpress\/?s={search_term_string}"},"query-input":{"@type":"PropertyValueSpecification","valueRequired":true,"valueName":"search_term_string"}}],"inLanguage":"en-US"},{"@type":"Organization","@id":"https:\/\/blog.armurerie-france.fr\/blog\/wordpress\/#organization","name":"Blog Armurerie France","url":"https:\/\/blog.armurerie-france.fr\/blog\/wordpress\/","logo":{"@type":"ImageObject","inLanguage":"en-US","@id":"https:\/\/blog.armurerie-france.fr\/blog\/wordpress\/#\/schema\/logo\/image\/","url":"https:\/\/blog.armurerie-france.fr\/blog\/wordpress\/wp-content\/uploads\/2025\/02\/telechargement.png","contentUrl":"https:\/\/blog.armurerie-france.fr\/blog\/wordpress\/wp-content\/uploads\/2025\/02\/telechargement.png","width":28,"height":28,"caption":"Blog Armurerie France"},"image":{"@id":"https:\/\/blog.armurerie-france.fr\/blog\/wordpress\/#\/schema\/logo\/image\/"},"sameAs":["https:\/\/simac.fr\/","https:\/\/europarm.fr\/"]}]}},"_links":{"self":[{"href":"https:\/\/blog.armurerie-france.fr\/blog\/wordpress\/en\/wp-json\/wp\/v2\/pages\/91","targetHints":{"allow":["GET"]}}],"collection":[{"href":"https:\/\/blog.armurerie-france.fr\/blog\/wordpress\/en\/wp-json\/wp\/v2\/pages"}],"about":[{"href":"https:\/\/blog.armurerie-france.fr\/blog\/wordpress\/en\/wp-json\/wp\/v2\/types\/page"}],"author":[{"embeddable":true,"href":"https:\/\/blog.armurerie-france.fr\/blog\/wordpress\/en\/wp-json\/wp\/v2\/users\/2"}],"replies":[{"embeddable":true,"href":"https:\/\/blog.armurerie-france.fr\/blog\/wordpress\/en\/wp-json\/wp\/v2\/comments?post=91"}],"version-history":[{"count":4,"href":"https:\/\/blog.armurerie-france.fr\/blog\/wordpress\/en\/wp-json\/wp\/v2\/pages\/91\/revisions"}],"predecessor-version":[{"id":1568,"href":"https:\/\/blog.armurerie-france.fr\/blog\/wordpress\/en\/wp-json\/wp\/v2\/pages\/91\/revisions\/1568"}],"wp:attachment":[{"href":"https:\/\/blog.armurerie-france.fr\/blog\/wordpress\/en\/wp-json\/wp\/v2\/media?parent=91"}],"curies":[{"name":"wp","href":"https:\/\/api.w.org\/{rel}","templated":true}]}}