{"id":164,"date":"2025-05-07T15:57:29","date_gmt":"2025-05-07T13:57:29","guid":{"rendered":"https:\/\/blog.armurerie-france.fr\/blog\/wordpress\/?page_id=164"},"modified":"2025-05-13T14:45:08","modified_gmt":"2025-05-13T12:45:08","slug":"armes-definitions-au-sens-juridique","status":"publish","type":"page","link":"https:\/\/blog.armurerie-france.fr\/blog\/wordpress\/armes-definitions-au-sens-juridique\/","title":{"rendered":"Armes : d\u00e9finitions au sens juridique"},"content":{"rendered":"\n<p>L&rsquo;article R311-1 du code de la s\u00e9curit\u00e9 int\u00e9rieure d\u00e9finit les armes selon leurs types et caract\u00e9ristiques :<\/p>\n\n\n\n<p>Arme : &nbsp;tout objet ou dispositif con\u00e7u ou destin\u00e9 par nature \u00e0 tuer, blesser, frapper, neutraliser ou \u00e0 provoquer une incapacit\u00e9.<\/p>\n\n\n\n<p>Arme \u00e0 canon lisse : arme dont l&rsquo;\u00e2me du canon est de section circulaire et ne peut donner aucun mouvement de rotation \u00e0 un projectile unique ou multiple.&nbsp;<a href=\"https:\/\/europarm.fr\/fr\/store\/categorie-99-Fusil-chasse-carabine-chasse?store_products=1&amp;svc_11%5B%5D=35\">Fusils \u00e0 canon lisse<\/a><\/p>\n\n\n\n<p>Arme \u00e0 canon ray\u00e9 : arme dont l&rsquo;\u00e2me du canon n&rsquo;est pas de section circulaire et pr\u00e9sente une ou plusieurs rayures conventionnelles ou polygonales destin\u00e9es \u00e0 donner un mouvement de rotation \u00e0 un projectile unique ou multiple.&nbsp;<a href=\"https:\/\/europarm.fr\/fr\/store\/sscategorie2-745-Carabines-grande-chasse\">Armes \u00e0 canon ray\u00e9<\/a><\/p>\n\n\n\n<p>Arme \u00e0 feu : arme qui tire un projectile par l&rsquo;action de la combustion d&rsquo;une charge propulsive.<\/p>\n\n\n\n<p>Arme \u00e0 r\u00e9p\u00e9tition automatique : toute arme qui, apr\u00e8s chaque coup tir\u00e9, se recharge automatiquement et qui peut, par une seule pression sur la d\u00e9tente, l\u00e2cher une rafale de plusieurs coups.<\/p>\n\n\n\n<p>Arme \u00e0 r\u00e9p\u00e9tition manuelle : arme qui, apr\u00e8s chaque coup tir\u00e9, est recharg\u00e9e manuellement par introduction dans le canon d&rsquo;une munition pr\u00e9lev\u00e9e dans un syst\u00e8me d&rsquo;alimentation et transport\u00e9e \u00e0 l&rsquo;aide d&rsquo;un m\u00e9canisme.&nbsp;<a href=\"https:\/\/europarm.fr\/fr\/store\/sscategorie2-797-Carabines-a-verrou-Cat-C\">Armes \u00e0 r\u00e9p\u00e9tition manuelle<\/a><\/p>\n\n\n\n<p>Arme \u00e0 r\u00e9p\u00e9tition semi-automatique : arme qui, apr\u00e8s chaque coup tir\u00e9, se recharge automatiquement et qui ne peut, par une seule pression sur la d\u00e9tente, l\u00e2cher plus d&rsquo;un seul coup.&nbsp;<a href=\"https:\/\/europarm.fr\/fr\/store\/sscategorie2-792-Carabines-semi-auto\">Armes \u00e0 r\u00e9p\u00e9tition semi-automatique<\/a><\/p>\n\n\n\n<p>Arme \u00e0 un coup : arme sans syst\u00e8me d&rsquo;alimentation, qui est charg\u00e9e avant chaque coup par introduction manuelle de la munition dans la chambre ou dans un logement pr\u00e9vu \u00e0 cet effet \u00e0 l&rsquo;entr\u00e9e du canon.&nbsp;<a href=\"https:\/\/europarm.fr\/fr\/recherche\/monocoup?store_products=1&amp;sidm%5B%5D=201\">Armes \u00e0 un coup<\/a><\/p>\n\n\n\n<p>Arme blanche : toute arme dont l&rsquo;action perforante, tranchante ou brisante n&rsquo;est due qu&rsquo;\u00e0 la force humaine ou \u00e0 un m\u00e9canisme auquel elle a \u00e9t\u00e9 transmise, \u00e0 l&rsquo;exclusion d&rsquo;une explosion.&nbsp;<a href=\"https:\/\/europarm.fr\/fr\/store\/sscategorie-1167-Couteaux-droits-de-chasse\">Armes blanches<\/a><\/p>\n\n\n\n<p>Arme camoufl\u00e9e : toute arme dissimul\u00e9e sous la forme d&rsquo;un autre objet, y compris d&rsquo;un autre type d&rsquo;arme.&nbsp;<a href=\"https:\/\/europarm.fr\/fr\/store\/sscategorie-894-Cannes-parapluies\">Armes camoufl\u00e9es<\/a><\/p>\n\n\n\n<p>Arme d&rsquo;\u00e9paule : arme que l&rsquo;on \u00e9paule pour tirer.&nbsp;<a href=\"https:\/\/europarm.fr\/fr\/store\/sscategorie-767-Winchester\">Armes d&rsquo;\u00e9paule<\/a><\/p>\n\n\n\n<p>La longueur hors tout d&rsquo;une arme d&rsquo;\u00e9paule \u00e0 crosse amovible ou repliable se mesure sans la crosse ou la crosse repli\u00e9e. La longueur de r\u00e9f\u00e9rence du canon d&rsquo;une arme d&rsquo;\u00e9paule se mesure de l&rsquo;extr\u00e9mit\u00e9 arri\u00e8re de la chambre jusqu&rsquo;\u00e0 l&rsquo;autre extr\u00e9mit\u00e9 du canon, les parties d\u00e9montables non comprises<\/p>\n\n\n\n<p>Arme de poing : arme qui se tient par une poign\u00e9e \u00e0 l&rsquo;aide d&rsquo;une seule main et qui n&rsquo;est pas destin\u00e9e \u00e0 \u00eatre \u00e9paul\u00e9e.&nbsp;<a href=\"https:\/\/europarm.fr\/fr\/store\/sscategorie-787-Armes-de-poing-reglementees\">Armes de poing<\/a><\/p>\n\n\n\n<p>La longueur de r\u00e9f\u00e9rence d&rsquo;une arme de poing se mesure hors tout.<\/p>\n\n\n\n<p>Arme incapacitante agissant par projection ou \u00e9mission : arme ayant pour effet de provoquer une incapacit\u00e9 et agissant par projection \u00e0 distance ou \u00e9mission du proc\u00e9d\u00e9 ou moyen incapacitant.&nbsp;<a href=\"https:\/\/europarm.fr\/fr\/store\/sscategorie-879-Aerosols-gaz\">Armes incapacitantes agissant par projection ou \u00e9mission<\/a><\/p>\n\n\n\n<p>Arme incapacitante de contact : arme de d\u00e9fense ayant pour effet de provoquer une incapacit\u00e9 et agissant \u00e0 bout touchant.&nbsp;<a href=\"https:\/\/europarm.fr\/fr\/store\/sscategorie-885-Electrochocs-de-defense\">Armes incapacitante de contact<\/a><\/p>\n\n\n\n<p>Arme neutralis\u00e9e : arme qui a \u00e9t\u00e9 rendue d\u00e9finitivement impropre au tir de toute munition par l&rsquo;application de proc\u00e9d\u00e9s techniques assurant que tous les \u00e9l\u00e9ments de l&rsquo;arme \u00e0 feu \u00e0 neutraliser ont \u00e9t\u00e9 rendus d\u00e9finitivement inutilisables et impossibles \u00e0 modifier.<\/p>\n\n\n\n<p>Douille amorc\u00e9e : douille qui comporte une amorce sans autre charge de poudre.<\/p>\n\n\n\n<p>Douille charg\u00e9e : douille qui comporte une charge de poudre.<\/p>\n\n\n\n<p>El\u00e9ment d&rsquo;arme : partie d&rsquo;une arme essentielle \u00e0 son fonctionnement : le canon, la carcasse, la bo\u00eete de culasse, y compris le cas \u00e9ch\u00e9ant ses parties sup\u00e9rieures et inf\u00e9rieures, la culasse, y compris le cas \u00e9ch\u00e9ant son ensemble mobile additionnel, le barillet, les syst\u00e8mes de fermetures et la conversion.&nbsp;<a href=\"https:\/\/europarm.fr\/fr\/store\/categorie-108-Pieces-detachees\">El\u00e9ments d&rsquo;arme<\/a><\/p>\n\n\n\n<p>El\u00e9ment d&rsquo;arme neutralis\u00e9 : partie d&rsquo;une arme essentielle \u00e0 son fonctionnement rendue d\u00e9finitivement impropre \u00e0 son usage par l&rsquo;application de proc\u00e9d\u00e9s techniques d\u00e9finis.<\/p>\n\n\n\n<p>El\u00e9ment de munition : partie essentielle d&rsquo;une munition telle que projectile, amorce, douille, douille amorc\u00e9e, douille charg\u00e9e, douille amorc\u00e9e et charg\u00e9e.&nbsp;<a href=\"https:\/\/europarm.fr\/fr\/store\/sscategorie-963-Rechargement-Etuis-amorces-ogives\">El\u00e9ments de munitions<\/a><\/p>\n\n\n\n<p>Munition \u00e0 projectile expansif : munition dont le projectile est sp\u00e9cialement fa\u00e7onn\u00e9, de quelque fa\u00e7on que ce soit, pour foisonner, s&rsquo;\u00e9pandre ou champignonner \u00e0 l&rsquo;impact. Entrent notamment dans cette cat\u00e9gorie les projectiles \u00e0 pointe creuse.&nbsp;<a href=\"https:\/\/europarm.fr\/fr\/store\/categorie-103-Munitions-rechargement\">Munitions<\/a><\/p>\n\n\n\n<p>Munition \u00e0 projectile explosif : munition avec projectile contenant une charge explosant lors de l&rsquo;impact.<\/p>\n\n\n\n<p>Munition \u00e0 projectile incendiaire : munition avec projectile contenant un m\u00e9lange chimique s&rsquo;enflammant au contact de l&rsquo;air ou lors de l&rsquo;impact.<\/p>\n\n\n\n<p>Munition \u00e0 projectile perforant :<\/p>\n\n\n\n<p>a) Munition pour arme d&rsquo;\u00e9paule, avec projectile identifi\u00e9 visuellement le cas \u00e9ch\u00e9ant par un code couleur, contenant un noyau dur en acier tremp\u00e9 ou en carbure de tungst\u00e8ne ;<br><br>b) Munition pour arme de poing, contenant un noyau dur en acier tremp\u00e9 ou en carbure de tungst\u00e8ne ;<br><br>c) Munition pour arme de poing, avec projectile m\u00e9tallique monolithique ou monobloc con\u00e7u pour perforer un gilet pare-balle souple (aramide ou \u00e9quivalent) en dotation r\u00e9glementaire au sein des forces de s\u00e9curit\u00e9 int\u00e9rieure.<\/p>\n\n\n\n<p>Munition neutralis\u00e9e : munition dont le projectile a un diam\u00e8tre inf\u00e9rieur \u00e0 20 mm et dont la chambre \u00e0 poudre pr\u00e9sente un orifice lat\u00e9ral d&rsquo;un diam\u00e8tre au moins \u00e9gal \u00e0 2 mm ne contenant plus de poudre et dont l&rsquo;amorce a \u00e9t\u00e9 percut\u00e9e.<\/p>\n\n\n\n<p>Les munitions \u00e0 chargement d&#8217;emploi particulier, explosives ou incendiaires, restent dans tous les cas r\u00e9put\u00e9es fonctionnelles.<\/p>\n\n\n\n<p>Syst\u00e8mes d&rsquo;alimentation des armes : constitu\u00e9s par les magasins faisant partie int\u00e9grante de l&rsquo;arme, tubulaires ou int\u00e9gr\u00e9s dans la bo\u00eete de culasse, et les magasins ind\u00e9pendants de l&rsquo;arme, r\u00e9servoirs, chargeurs et bandes, fixes ou mobiles pendant le tir.&nbsp;<a href=\"https:\/\/europarm.fr\/fr\/store\/sscategorie2-794-Chargeurs-accessoires\">Syst\u00e8mes d&rsquo;alimentation<\/a><\/p>\n\n\n\n<p>Arme \u00e0 blanc : objet ou dispositif ayant ou non l&rsquo;apparence d&rsquo;une arme \u00e0 feu con\u00e7u et destin\u00e9 par la percussion de la munition \u00e0 provoquer uniquement un effet sonore et dont les caract\u00e9ristiques excluent le tir ou la conversion sans recourir \u00e0 un proc\u00e9d\u00e9 industriel pour le tir de tout projectile (arme de starter).&nbsp;<a href=\"https:\/\/europarm.fr\/fr\/store\/sscategorie-869-Armes-a-blanc-a-gaz\">Armes \u00e0 blanc<\/a><\/p>\n\n\n\n<p>Arme d&rsquo;alarme : objet ou dispositif ayant l&rsquo;apparence d&rsquo;une arme \u00e0 feu, con\u00e7u uniquement pour le tir de munition \u00e0 blanc, de produits irritants, d&rsquo;autres substances actives ou d&rsquo;articles de signalisation pyrotechnique, dont les caract\u00e9ristiques excluent le tir ou la conversion pour le tir de tout projectile autre que ceux mentionn\u00e9s ci-dessus.<\/p>\n\n\n\n<p>Arme de signalisation : arme \u00e0 feu destin\u00e9e \u00e0 tirer un dispositif pyrotechnique de signalisation, dont les caract\u00e9ristiques excluent le tir ou la conversion pour le tir de tout autre projectile.<\/p>\n\n\n\n<p>Arme de spectacle : toute arme \u00e0 feu transform\u00e9e sp\u00e9cifiquement pour le tir de munitions \u00e0 blanc, notamment lors de repr\u00e9sentations th\u00e9\u00e2trales, de s\u00e9ances de photographies, de tournages de films, d&rsquo;enregistrement t\u00e9l\u00e9visuels, de reconstitutions historiques, de parades, d&rsquo;\u00e9v\u00e8nements sportifs ou de s\u00e9ances d&rsquo;entra\u00eenement, dont les caract\u00e9ristiques excluent le tir ou la conversion pour le tir de tout projectile. L&rsquo;arme de spectacle reste class\u00e9e dans sa cat\u00e9gorie originelle, avant sa transformation.<\/p>\n\n\n\n<p>Arme didactique : arme authentique laissant appara\u00eetre ses m\u00e9canismes internes sans que son fonctionnement n&rsquo;ait \u00e9t\u00e9 modifi\u00e9, ni qu&rsquo;elle ait subi le proc\u00e9d\u00e9 de neutralisation.<\/p>\n\n\n\n<p>Arme factice : objet ayant l&rsquo;apparence d&rsquo;une arme \u00e0 feu susceptible d&rsquo;expulser un projectile non m\u00e9tallique avec une \u00e9nergie \u00e0 la bouche inf\u00e9rieure \u00e0 2 joules.<\/p>\n\n\n\n<p>Maquette : reproduction d&rsquo;arme \u00e0 feu \u00e0 une \u00e9chelle autre que 1 : 1 et garantissant la non-interchangeabilit\u00e9 des pi\u00e8ces.<\/p>\n\n\n\n<p>Munition inerte : munition factice qui ne peut \u00eatre transform\u00e9e en une munition active.<\/p>\n\n\n\n<p>Lanceur de paintball : syst\u00e8me permettant de propulser de fa\u00e7on non pyrotechnique un projectile destin\u00e9 \u00e0 ne laisser sur la cible qu&rsquo;une trace visualisant l&#8217;emplacement de l&rsquo;impact.&nbsp; &nbsp; &nbsp;&nbsp;<a href=\"https:\/\/europarm.fr\/fr\/store\/sscategorie-1278-Paintball-Lanceurs\">Lanceurs paintball<\/a><\/p>\n\n\n\n<p>Reproduction d&rsquo;arme : arme \u00e0 feu reproduisant \u00e0 l&rsquo;identique une arme ayant exist\u00e9 dans sa forme et dans son fonctionnement.&nbsp;<a href=\"https:\/\/europarm.fr\/fr\/recherche\/denix\">Reproductions d&rsquo;arme<\/a><\/p>\n\n\n\n<p>Armes qui rev\u00eatent une importance historique particuli\u00e8re : armes dont la fabrication est ant\u00e9rieure au 1er janvier 1946 qui ne sont pas des armes historiques au sens des dispositions des e ou g du IV de l&rsquo;article R. 311-2.<\/p>\n\n\n\n<p>A.C<\/p>\n\n\n\n<div style=\"margin-top:40px; font-size:0.9em; color:#666;\">\n  <p><strong>Les armes sont class\u00e9es par cat\u00e9gorie en fonction de leur taille, type (fusil, carabine, pistolet, revolver&#8230;), mode de r\u00e9p\u00e9tition (automatique, semi-automatique, manuelle, coup par coup) et dangerosit\u00e9. Sont consid\u00e9r\u00e9es comme armes et munitions ce qui est cit\u00e9 dans les lignes ci-dessus.<\/strong><\/p>\n<\/div>\n","protected":false},"excerpt":{"rendered":"<p>L&rsquo;article R311-1 du code de la s\u00e9curit\u00e9 int\u00e9rieure d\u00e9finit les armes selon leurs types et [&hellip;]<\/p>\n","protected":false},"author":2,"featured_media":165,"parent":0,"menu_order":0,"comment_status":"closed","ping_status":"closed","template":"","meta":{"_acf_changed":false,"_monsterinsights_skip_tracking":false,"_monsterinsights_sitenote_active":false,"_monsterinsights_sitenote_note":"","_monsterinsights_sitenote_category":0,"footnotes":""},"class_list":["post-164","page","type-page","status-publish","has-post-thumbnail","hentry"],"acf":[],"yoast_head":"<!-- This site is optimized with the Yoast SEO plugin v27.2 - https:\/\/yoast.com\/product\/yoast-seo-wordpress\/ -->\n<title>Armes : d\u00e9finitions au sens juridique -<\/title>\n<meta name=\"robots\" content=\"index, follow, max-snippet:-1, max-image-preview:large, max-video-preview:-1\" \/>\n<link rel=\"canonical\" href=\"https:\/\/blog.armurerie-france.fr\/blog\/wordpress\/armes-definitions-au-sens-juridique\/\" \/>\n<meta property=\"og:locale\" content=\"fr_FR\" \/>\n<meta property=\"og:type\" content=\"article\" \/>\n<meta property=\"og:title\" content=\"Armes : d\u00e9finitions au sens juridique -\" \/>\n<meta property=\"og:description\" content=\"L&rsquo;article R311-1 du code de la s\u00e9curit\u00e9 int\u00e9rieure d\u00e9finit les armes selon leurs types et [&hellip;]\" \/>\n<meta property=\"og:url\" content=\"https:\/\/blog.armurerie-france.fr\/blog\/wordpress\/armes-definitions-au-sens-juridique\/\" \/>\n<meta property=\"article:modified_time\" content=\"2025-05-13T12:45:08+00:00\" \/>\n<meta property=\"og:image\" content=\"https:\/\/blog.armurerie-france.fr\/blog\/wordpress\/wp-content\/uploads\/2025\/05\/1721285970_Carabine-de-chasse.jpg\" \/>\n\t<meta property=\"og:image:width\" content=\"1500\" \/>\n\t<meta property=\"og:image:height\" content=\"1000\" \/>\n\t<meta property=\"og:image:type\" content=\"image\/jpeg\" \/>\n<meta name=\"twitter:card\" content=\"summary_large_image\" \/>\n<meta name=\"twitter:label1\" content=\"Dur\u00e9e de lecture estim\u00e9e\" \/>\n\t<meta name=\"twitter:data1\" content=\"7 minutes\" \/>\n<script type=\"application\/ld+json\" class=\"yoast-schema-graph\">{\"@context\":\"https:\/\/schema.org\",\"@graph\":[{\"@type\":\"WebPage\",\"@id\":\"https:\/\/blog.armurerie-france.fr\/blog\/wordpress\/armes-definitions-au-sens-juridique\/\",\"url\":\"https:\/\/blog.armurerie-france.fr\/blog\/wordpress\/armes-definitions-au-sens-juridique\/\",\"name\":\"Armes : d\u00e9finitions au sens juridique -\",\"isPartOf\":{\"@id\":\"https:\/\/blog.armurerie-france.fr\/blog\/wordpress\/#website\"},\"primaryImageOfPage\":{\"@id\":\"https:\/\/blog.armurerie-france.fr\/blog\/wordpress\/armes-definitions-au-sens-juridique\/#primaryimage\"},\"image\":{\"@id\":\"https:\/\/blog.armurerie-france.fr\/blog\/wordpress\/armes-definitions-au-sens-juridique\/#primaryimage\"},\"thumbnailUrl\":\"https:\/\/blog.armurerie-france.fr\/blog\/wordpress\/wp-content\/uploads\/2025\/05\/1721285970_Carabine-de-chasse.jpg\",\"datePublished\":\"2025-05-07T13:57:29+00:00\",\"dateModified\":\"2025-05-13T12:45:08+00:00\",\"breadcrumb\":{\"@id\":\"https:\/\/blog.armurerie-france.fr\/blog\/wordpress\/armes-definitions-au-sens-juridique\/#breadcrumb\"},\"inLanguage\":\"fr-FR\",\"potentialAction\":[{\"@type\":\"ReadAction\",\"target\":[\"https:\/\/blog.armurerie-france.fr\/blog\/wordpress\/armes-definitions-au-sens-juridique\/\"]}]},{\"@type\":\"ImageObject\",\"inLanguage\":\"fr-FR\",\"@id\":\"https:\/\/blog.armurerie-france.fr\/blog\/wordpress\/armes-definitions-au-sens-juridique\/#primaryimage\",\"url\":\"https:\/\/blog.armurerie-france.fr\/blog\/wordpress\/wp-content\/uploads\/2025\/05\/1721285970_Carabine-de-chasse.jpg\",\"contentUrl\":\"https:\/\/blog.armurerie-france.fr\/blog\/wordpress\/wp-content\/uploads\/2025\/05\/1721285970_Carabine-de-chasse.jpg\",\"width\":1500,\"height\":1000,\"caption\":\"1721285970 Carabine de chasse\"},{\"@type\":\"BreadcrumbList\",\"@id\":\"https:\/\/blog.armurerie-france.fr\/blog\/wordpress\/armes-definitions-au-sens-juridique\/#breadcrumb\",\"itemListElement\":[{\"@type\":\"ListItem\",\"position\":1,\"name\":\"Accueil\",\"item\":\"https:\/\/blog.armurerie-france.fr\/blog\/wordpress\/\"},{\"@type\":\"ListItem\",\"position\":2,\"name\":\"Armes : d\u00e9finitions au sens juridique\"}]},{\"@type\":\"WebSite\",\"@id\":\"https:\/\/blog.armurerie-france.fr\/blog\/wordpress\/#website\",\"url\":\"https:\/\/blog.armurerie-france.fr\/blog\/wordpress\/\",\"name\":\"Blog Armurerie France\",\"description\":\"\",\"publisher\":{\"@id\":\"https:\/\/blog.armurerie-france.fr\/blog\/wordpress\/#organization\"},\"potentialAction\":[{\"@type\":\"SearchAction\",\"target\":{\"@type\":\"EntryPoint\",\"urlTemplate\":\"https:\/\/blog.armurerie-france.fr\/blog\/wordpress\/?s={search_term_string}\"},\"query-input\":{\"@type\":\"PropertyValueSpecification\",\"valueRequired\":true,\"valueName\":\"search_term_string\"}}],\"inLanguage\":\"fr-FR\"},{\"@type\":\"Organization\",\"@id\":\"https:\/\/blog.armurerie-france.fr\/blog\/wordpress\/#organization\",\"name\":\"Blog Armurerie France\",\"url\":\"https:\/\/blog.armurerie-france.fr\/blog\/wordpress\/\",\"logo\":{\"@type\":\"ImageObject\",\"inLanguage\":\"fr-FR\",\"@id\":\"https:\/\/blog.armurerie-france.fr\/blog\/wordpress\/#\/schema\/logo\/image\/\",\"url\":\"https:\/\/blog.armurerie-france.fr\/blog\/wordpress\/wp-content\/uploads\/2025\/02\/telechargement.png\",\"contentUrl\":\"https:\/\/blog.armurerie-france.fr\/blog\/wordpress\/wp-content\/uploads\/2025\/02\/telechargement.png\",\"width\":28,\"height\":28,\"caption\":\"Blog Armurerie France\"},\"image\":{\"@id\":\"https:\/\/blog.armurerie-france.fr\/blog\/wordpress\/#\/schema\/logo\/image\/\"},\"sameAs\":[\"https:\/\/simac.fr\/\",\"https:\/\/europarm.fr\/\"]}]}<\/script>\n<!-- \/ Yoast SEO plugin. -->","yoast_head_json":{"title":"Armes : d\u00e9finitions au sens juridique -","robots":{"index":"index","follow":"follow","max-snippet":"max-snippet:-1","max-image-preview":"max-image-preview:large","max-video-preview":"max-video-preview:-1"},"canonical":"https:\/\/blog.armurerie-france.fr\/blog\/wordpress\/armes-definitions-au-sens-juridique\/","og_locale":"fr_FR","og_type":"article","og_title":"Armes : d\u00e9finitions au sens juridique -","og_description":"L&rsquo;article R311-1 du code de la s\u00e9curit\u00e9 int\u00e9rieure d\u00e9finit les armes selon leurs types et [&hellip;]","og_url":"https:\/\/blog.armurerie-france.fr\/blog\/wordpress\/armes-definitions-au-sens-juridique\/","article_modified_time":"2025-05-13T12:45:08+00:00","og_image":[{"width":1500,"height":1000,"url":"https:\/\/blog.armurerie-france.fr\/blog\/wordpress\/wp-content\/uploads\/2025\/05\/1721285970_Carabine-de-chasse.jpg","type":"image\/jpeg"}],"twitter_card":"summary_large_image","twitter_misc":{"Dur\u00e9e de lecture estim\u00e9e":"7 minutes"},"schema":{"@context":"https:\/\/schema.org","@graph":[{"@type":"WebPage","@id":"https:\/\/blog.armurerie-france.fr\/blog\/wordpress\/armes-definitions-au-sens-juridique\/","url":"https:\/\/blog.armurerie-france.fr\/blog\/wordpress\/armes-definitions-au-sens-juridique\/","name":"Armes : d\u00e9finitions au sens juridique -","isPartOf":{"@id":"https:\/\/blog.armurerie-france.fr\/blog\/wordpress\/#website"},"primaryImageOfPage":{"@id":"https:\/\/blog.armurerie-france.fr\/blog\/wordpress\/armes-definitions-au-sens-juridique\/#primaryimage"},"image":{"@id":"https:\/\/blog.armurerie-france.fr\/blog\/wordpress\/armes-definitions-au-sens-juridique\/#primaryimage"},"thumbnailUrl":"https:\/\/blog.armurerie-france.fr\/blog\/wordpress\/wp-content\/uploads\/2025\/05\/1721285970_Carabine-de-chasse.jpg","datePublished":"2025-05-07T13:57:29+00:00","dateModified":"2025-05-13T12:45:08+00:00","breadcrumb":{"@id":"https:\/\/blog.armurerie-france.fr\/blog\/wordpress\/armes-definitions-au-sens-juridique\/#breadcrumb"},"inLanguage":"fr-FR","potentialAction":[{"@type":"ReadAction","target":["https:\/\/blog.armurerie-france.fr\/blog\/wordpress\/armes-definitions-au-sens-juridique\/"]}]},{"@type":"ImageObject","inLanguage":"fr-FR","@id":"https:\/\/blog.armurerie-france.fr\/blog\/wordpress\/armes-definitions-au-sens-juridique\/#primaryimage","url":"https:\/\/blog.armurerie-france.fr\/blog\/wordpress\/wp-content\/uploads\/2025\/05\/1721285970_Carabine-de-chasse.jpg","contentUrl":"https:\/\/blog.armurerie-france.fr\/blog\/wordpress\/wp-content\/uploads\/2025\/05\/1721285970_Carabine-de-chasse.jpg","width":1500,"height":1000,"caption":"1721285970 Carabine de chasse"},{"@type":"BreadcrumbList","@id":"https:\/\/blog.armurerie-france.fr\/blog\/wordpress\/armes-definitions-au-sens-juridique\/#breadcrumb","itemListElement":[{"@type":"ListItem","position":1,"name":"Accueil","item":"https:\/\/blog.armurerie-france.fr\/blog\/wordpress\/"},{"@type":"ListItem","position":2,"name":"Armes : d\u00e9finitions au sens juridique"}]},{"@type":"WebSite","@id":"https:\/\/blog.armurerie-france.fr\/blog\/wordpress\/#website","url":"https:\/\/blog.armurerie-france.fr\/blog\/wordpress\/","name":"Blog Armurerie France","description":"","publisher":{"@id":"https:\/\/blog.armurerie-france.fr\/blog\/wordpress\/#organization"},"potentialAction":[{"@type":"SearchAction","target":{"@type":"EntryPoint","urlTemplate":"https:\/\/blog.armurerie-france.fr\/blog\/wordpress\/?s={search_term_string}"},"query-input":{"@type":"PropertyValueSpecification","valueRequired":true,"valueName":"search_term_string"}}],"inLanguage":"fr-FR"},{"@type":"Organization","@id":"https:\/\/blog.armurerie-france.fr\/blog\/wordpress\/#organization","name":"Blog Armurerie France","url":"https:\/\/blog.armurerie-france.fr\/blog\/wordpress\/","logo":{"@type":"ImageObject","inLanguage":"fr-FR","@id":"https:\/\/blog.armurerie-france.fr\/blog\/wordpress\/#\/schema\/logo\/image\/","url":"https:\/\/blog.armurerie-france.fr\/blog\/wordpress\/wp-content\/uploads\/2025\/02\/telechargement.png","contentUrl":"https:\/\/blog.armurerie-france.fr\/blog\/wordpress\/wp-content\/uploads\/2025\/02\/telechargement.png","width":28,"height":28,"caption":"Blog Armurerie France"},"image":{"@id":"https:\/\/blog.armurerie-france.fr\/blog\/wordpress\/#\/schema\/logo\/image\/"},"sameAs":["https:\/\/simac.fr\/","https:\/\/europarm.fr\/"]}]}},"_links":{"self":[{"href":"https:\/\/blog.armurerie-france.fr\/blog\/wordpress\/wp-json\/wp\/v2\/pages\/164","targetHints":{"allow":["GET"]}}],"collection":[{"href":"https:\/\/blog.armurerie-france.fr\/blog\/wordpress\/wp-json\/wp\/v2\/pages"}],"about":[{"href":"https:\/\/blog.armurerie-france.fr\/blog\/wordpress\/wp-json\/wp\/v2\/types\/page"}],"author":[{"embeddable":true,"href":"https:\/\/blog.armurerie-france.fr\/blog\/wordpress\/wp-json\/wp\/v2\/users\/2"}],"replies":[{"embeddable":true,"href":"https:\/\/blog.armurerie-france.fr\/blog\/wordpress\/wp-json\/wp\/v2\/comments?post=164"}],"version-history":[{"count":2,"href":"https:\/\/blog.armurerie-france.fr\/blog\/wordpress\/wp-json\/wp\/v2\/pages\/164\/revisions"}],"predecessor-version":[{"id":168,"href":"https:\/\/blog.armurerie-france.fr\/blog\/wordpress\/wp-json\/wp\/v2\/pages\/164\/revisions\/168"}],"wp:featuredmedia":[{"embeddable":true,"href":"https:\/\/blog.armurerie-france.fr\/blog\/wordpress\/wp-json\/wp\/v2\/media\/165"}],"wp:attachment":[{"href":"https:\/\/blog.armurerie-france.fr\/blog\/wordpress\/wp-json\/wp\/v2\/media?parent=164"}],"curies":[{"name":"wp","href":"https:\/\/api.w.org\/{rel}","templated":true}]}}