{"id":2,"date":"2025-02-18T07:53:16","date_gmt":"2025-02-18T07:53:16","guid":{"rendered":"https:\/\/blog.armurerie-france.fr\/blog\/wordpress\/?page_id=2"},"modified":"2026-01-29T12:19:03","modified_gmt":"2026-01-29T11:19:03","slug":"qui-sommes-nous","status":"publish","type":"page","link":"https:\/\/blog.armurerie-france.fr\/blog\/wordpress\/qui-sommes-nous\/","title":{"rendered":"Qui sommes nous ?"},"content":{"rendered":"<section>\n<h2>La mani\u00e8re dont nous souhaitons \u00eatre per\u00e7us.<\/h2>\n<p>Nous sommes une \u00e9quipe de r\u00e9dacteurs r\u00e9partis sur l\u2019ensemble du territoire, anim\u00e9s par des passions communes\u00a0: le <strong>tir sportif<\/strong>, la <strong>chasse<\/strong>, l\u2019<strong>airsoft<\/strong>, l\u2019<strong>archerie<\/strong> et le <strong>tir de loisir<\/strong>.<\/p>\n<p>Notre objectif est d\u2019<strong>informer et transmettre<\/strong> autour de sujets souvent mal compris ou insuffisamment trait\u00e9s par les m\u00e9dias g\u00e9n\u00e9ralistes et la presse non sp\u00e9cialis\u00e9e.<\/p>\n<p>Nous cherchons \u00e0 apporter davantage de clart\u00e9 et de compr\u00e9hension sur la <strong>r\u00e9glementation li\u00e9e aux armes, au tir et \u00e0 la chasse<\/strong>, un domaine complexe qui reste parfois difficile \u00e0 appr\u00e9hender, y compris pour les pratiquants les plus exp\u00e9riment\u00e9s.<\/p>\n<p>Nous tenons \u00e0 conserver une <strong>ind\u00e9pendance \u00e9ditoriale totale<\/strong>. Notre ambition n\u2019est pas de nous mettre en avant, mais de faire de <strong>Blog Armurerie France<\/strong> une <strong>source de r\u00e9f\u00e9rence fiable<\/strong> pour les internautes en qu\u00eate d\u2019informations s\u00e9rieuses, document\u00e9es et accessibles.<\/p>\n<p>Si vous \u00eates un professionnel du secteur et souhaitez \u00eatre cit\u00e9 ou r\u00e9f\u00e9renc\u00e9 dans nos articles, n\u2019h\u00e9sitez pas \u00e0 <strong>nous contacter par e-mail<\/strong>.<\/p>\n<p style=\"text-align: right;\">L&rsquo;\u00e9quipe Blog Armurerie France.<\/p>\n<\/section>\n","protected":false},"excerpt":{"rendered":"<p>La mani\u00e8re dont nous souhaitons \u00eatre per\u00e7us. Nous sommes une \u00e9quipe de r\u00e9dacteurs r\u00e9partis sur [&hellip;]<\/p>\n","protected":false},"author":2,"featured_media":0,"parent":0,"menu_order":0,"comment_status":"closed","ping_status":"closed","template":"","meta":{"_acf_changed":false,"_monsterinsights_skip_tracking":false,"_monsterinsights_sitenote_active":false,"_monsterinsights_sitenote_note":"","_monsterinsights_sitenote_category":0,"footnotes":""},"class_list":["post-2","page","type-page","status-publish","hentry"],"acf":[],"yoast_head":"<!-- This site is optimized with the Yoast SEO plugin v27.2 - https:\/\/yoast.com\/product\/yoast-seo-wordpress\/ -->\n<title>Qui sommes nous ? -<\/title>\n<meta name=\"robots\" content=\"index, follow, max-snippet:-1, max-image-preview:large, max-video-preview:-1\" \/>\n<link rel=\"canonical\" href=\"https:\/\/blog.armurerie-france.fr\/blog\/wordpress\/qui-sommes-nous\/\" \/>\n<meta property=\"og:locale\" content=\"fr_FR\" \/>\n<meta property=\"og:type\" content=\"article\" \/>\n<meta property=\"og:title\" content=\"Qui sommes nous ? -\" \/>\n<meta property=\"og:description\" content=\"La mani\u00e8re dont nous souhaitons \u00eatre per\u00e7us. Nous sommes une \u00e9quipe de r\u00e9dacteurs r\u00e9partis sur [&hellip;]\" \/>\n<meta property=\"og:url\" content=\"https:\/\/blog.armurerie-france.fr\/blog\/wordpress\/qui-sommes-nous\/\" \/>\n<meta property=\"article:modified_time\" content=\"2026-01-29T11:19:03+00:00\" \/>\n<meta name=\"twitter:card\" content=\"summary_large_image\" \/>\n<meta name=\"twitter:label1\" content=\"Dur\u00e9e de lecture estim\u00e9e\" \/>\n\t<meta name=\"twitter:data1\" content=\"1 minute\" \/>\n<script type=\"application\/ld+json\" class=\"yoast-schema-graph\">{\"@context\":\"https:\/\/schema.org\",\"@graph\":[{\"@type\":\"WebPage\",\"@id\":\"https:\/\/blog.armurerie-france.fr\/blog\/wordpress\/qui-sommes-nous\/\",\"url\":\"https:\/\/blog.armurerie-france.fr\/blog\/wordpress\/qui-sommes-nous\/\",\"name\":\"Qui sommes nous ? -\",\"isPartOf\":{\"@id\":\"https:\/\/blog.armurerie-france.fr\/blog\/wordpress\/#website\"},\"datePublished\":\"2025-02-18T07:53:16+00:00\",\"dateModified\":\"2026-01-29T11:19:03+00:00\",\"breadcrumb\":{\"@id\":\"https:\/\/blog.armurerie-france.fr\/blog\/wordpress\/qui-sommes-nous\/#breadcrumb\"},\"inLanguage\":\"fr-FR\",\"potentialAction\":[{\"@type\":\"ReadAction\",\"target\":[\"https:\/\/blog.armurerie-france.fr\/blog\/wordpress\/qui-sommes-nous\/\"]}]},{\"@type\":\"BreadcrumbList\",\"@id\":\"https:\/\/blog.armurerie-france.fr\/blog\/wordpress\/qui-sommes-nous\/#breadcrumb\",\"itemListElement\":[{\"@type\":\"ListItem\",\"position\":1,\"name\":\"Accueil\",\"item\":\"https:\/\/blog.armurerie-france.fr\/blog\/wordpress\/\"},{\"@type\":\"ListItem\",\"position\":2,\"name\":\"Qui sommes nous ?\"}]},{\"@type\":\"WebSite\",\"@id\":\"https:\/\/blog.armurerie-france.fr\/blog\/wordpress\/#website\",\"url\":\"https:\/\/blog.armurerie-france.fr\/blog\/wordpress\/\",\"name\":\"Blog Armurerie France\",\"description\":\"\",\"publisher\":{\"@id\":\"https:\/\/blog.armurerie-france.fr\/blog\/wordpress\/#organization\"},\"potentialAction\":[{\"@type\":\"SearchAction\",\"target\":{\"@type\":\"EntryPoint\",\"urlTemplate\":\"https:\/\/blog.armurerie-france.fr\/blog\/wordpress\/?s={search_term_string}\"},\"query-input\":{\"@type\":\"PropertyValueSpecification\",\"valueRequired\":true,\"valueName\":\"search_term_string\"}}],\"inLanguage\":\"fr-FR\"},{\"@type\":\"Organization\",\"@id\":\"https:\/\/blog.armurerie-france.fr\/blog\/wordpress\/#organization\",\"name\":\"Blog Armurerie France\",\"url\":\"https:\/\/blog.armurerie-france.fr\/blog\/wordpress\/\",\"logo\":{\"@type\":\"ImageObject\",\"inLanguage\":\"fr-FR\",\"@id\":\"https:\/\/blog.armurerie-france.fr\/blog\/wordpress\/#\/schema\/logo\/image\/\",\"url\":\"https:\/\/blog.armurerie-france.fr\/blog\/wordpress\/wp-content\/uploads\/2025\/02\/telechargement.png\",\"contentUrl\":\"https:\/\/blog.armurerie-france.fr\/blog\/wordpress\/wp-content\/uploads\/2025\/02\/telechargement.png\",\"width\":28,\"height\":28,\"caption\":\"Blog Armurerie France\"},\"image\":{\"@id\":\"https:\/\/blog.armurerie-france.fr\/blog\/wordpress\/#\/schema\/logo\/image\/\"},\"sameAs\":[\"https:\/\/simac.fr\/\",\"https:\/\/europarm.fr\/\"]}]}<\/script>\n<!-- \/ Yoast SEO plugin. -->","yoast_head_json":{"title":"Qui sommes nous ? -","robots":{"index":"index","follow":"follow","max-snippet":"max-snippet:-1","max-image-preview":"max-image-preview:large","max-video-preview":"max-video-preview:-1"},"canonical":"https:\/\/blog.armurerie-france.fr\/blog\/wordpress\/qui-sommes-nous\/","og_locale":"fr_FR","og_type":"article","og_title":"Qui sommes nous ? -","og_description":"La mani\u00e8re dont nous souhaitons \u00eatre per\u00e7us. Nous sommes une \u00e9quipe de r\u00e9dacteurs r\u00e9partis sur [&hellip;]","og_url":"https:\/\/blog.armurerie-france.fr\/blog\/wordpress\/qui-sommes-nous\/","article_modified_time":"2026-01-29T11:19:03+00:00","twitter_card":"summary_large_image","twitter_misc":{"Dur\u00e9e de lecture estim\u00e9e":"1 minute"},"schema":{"@context":"https:\/\/schema.org","@graph":[{"@type":"WebPage","@id":"https:\/\/blog.armurerie-france.fr\/blog\/wordpress\/qui-sommes-nous\/","url":"https:\/\/blog.armurerie-france.fr\/blog\/wordpress\/qui-sommes-nous\/","name":"Qui sommes nous ? -","isPartOf":{"@id":"https:\/\/blog.armurerie-france.fr\/blog\/wordpress\/#website"},"datePublished":"2025-02-18T07:53:16+00:00","dateModified":"2026-01-29T11:19:03+00:00","breadcrumb":{"@id":"https:\/\/blog.armurerie-france.fr\/blog\/wordpress\/qui-sommes-nous\/#breadcrumb"},"inLanguage":"fr-FR","potentialAction":[{"@type":"ReadAction","target":["https:\/\/blog.armurerie-france.fr\/blog\/wordpress\/qui-sommes-nous\/"]}]},{"@type":"BreadcrumbList","@id":"https:\/\/blog.armurerie-france.fr\/blog\/wordpress\/qui-sommes-nous\/#breadcrumb","itemListElement":[{"@type":"ListItem","position":1,"name":"Accueil","item":"https:\/\/blog.armurerie-france.fr\/blog\/wordpress\/"},{"@type":"ListItem","position":2,"name":"Qui sommes nous ?"}]},{"@type":"WebSite","@id":"https:\/\/blog.armurerie-france.fr\/blog\/wordpress\/#website","url":"https:\/\/blog.armurerie-france.fr\/blog\/wordpress\/","name":"Blog Armurerie France","description":"","publisher":{"@id":"https:\/\/blog.armurerie-france.fr\/blog\/wordpress\/#organization"},"potentialAction":[{"@type":"SearchAction","target":{"@type":"EntryPoint","urlTemplate":"https:\/\/blog.armurerie-france.fr\/blog\/wordpress\/?s={search_term_string}"},"query-input":{"@type":"PropertyValueSpecification","valueRequired":true,"valueName":"search_term_string"}}],"inLanguage":"fr-FR"},{"@type":"Organization","@id":"https:\/\/blog.armurerie-france.fr\/blog\/wordpress\/#organization","name":"Blog Armurerie France","url":"https:\/\/blog.armurerie-france.fr\/blog\/wordpress\/","logo":{"@type":"ImageObject","inLanguage":"fr-FR","@id":"https:\/\/blog.armurerie-france.fr\/blog\/wordpress\/#\/schema\/logo\/image\/","url":"https:\/\/blog.armurerie-france.fr\/blog\/wordpress\/wp-content\/uploads\/2025\/02\/telechargement.png","contentUrl":"https:\/\/blog.armurerie-france.fr\/blog\/wordpress\/wp-content\/uploads\/2025\/02\/telechargement.png","width":28,"height":28,"caption":"Blog Armurerie France"},"image":{"@id":"https:\/\/blog.armurerie-france.fr\/blog\/wordpress\/#\/schema\/logo\/image\/"},"sameAs":["https:\/\/simac.fr\/","https:\/\/europarm.fr\/"]}]}},"_links":{"self":[{"href":"https:\/\/blog.armurerie-france.fr\/blog\/wordpress\/wp-json\/wp\/v2\/pages\/2","targetHints":{"allow":["GET"]}}],"collection":[{"href":"https:\/\/blog.armurerie-france.fr\/blog\/wordpress\/wp-json\/wp\/v2\/pages"}],"about":[{"href":"https:\/\/blog.armurerie-france.fr\/blog\/wordpress\/wp-json\/wp\/v2\/types\/page"}],"author":[{"embeddable":true,"href":"https:\/\/blog.armurerie-france.fr\/blog\/wordpress\/wp-json\/wp\/v2\/users\/2"}],"replies":[{"embeddable":true,"href":"https:\/\/blog.armurerie-france.fr\/blog\/wordpress\/wp-json\/wp\/v2\/comments?post=2"}],"version-history":[{"count":13,"href":"https:\/\/blog.armurerie-france.fr\/blog\/wordpress\/wp-json\/wp\/v2\/pages\/2\/revisions"}],"predecessor-version":[{"id":1608,"href":"https:\/\/blog.armurerie-france.fr\/blog\/wordpress\/wp-json\/wp\/v2\/pages\/2\/revisions\/1608"}],"wp:attachment":[{"href":"https:\/\/blog.armurerie-france.fr\/blog\/wordpress\/wp-json\/wp\/v2\/media?parent=2"}],"curies":[{"name":"wp","href":"https:\/\/api.w.org\/{rel}","templated":true}]}}